 {"id":219,"date":"2022-03-03T15:16:54","date_gmt":"2022-03-03T14:16:54","guid":{"rendered":"https:\/\/www.h2sarea.com\/difusion\/"},"modified":"2025-01-23T16:59:02","modified_gmt":"2025-01-23T15:59:02","slug":"dissemination","status":"publish","type":"page","link":"https:\/\/www.h2sarea.com\/en\/dissemination\/","title":{"rendered":"Dissemination"},"content":{"rendered":"\t<section class=\"module module-sm\">\r\n\t\t\t\t\t<div class=\"container\">\r\n<div class=\"row\">\r\n\t\t\t\t\t\t  <div class=\"col-md-12\">\r\n\t\t\t\t\t\t\t <h2>Newsletters<\/h2>\r\n <p><a href=\"https:\/\/www.h2sarea.com\/assets\/media\/NEWSLETTER-PROYECTO-H2SAREA-NUMERO-3.pdf\" target=\"_blank\" rel=\"noopener\"><i class=\"fas fa-file-pdf-o fa-2x mr-2\"><\/i> Newsletter 03<\/a><\/p>\r\n  <p><a href=\"https:\/\/www.h2sarea.com\/assets\/media\/NEWSLETTER-PROYECTO-H2SAREA-NUEMRO-2.pdf\" target=\"_blank\" rel=\"noopener\"><i class=\"fas fa-file-pdf-o fa-2x mr-2\"><\/i>Newsletter 02<\/a><\/p>\r\n\t\t\t\t\t\t\t  \r\n\t\t\t\t\t\t\t  <p><a href=\"https:\/\/www.h2sarea.com\/assets\/media\/NEWSLETTER-PROYECTO-H2SAREA.pdf\" target=\"_blank\" rel=\"noopener\"><i class=\"fas fa-file-pdf-o fa-2x mr-2\"><\/i> Newsletter 01<\/a><\/p>\r\n\t\t\t\t\t\t\t  <\/div> \r\n\t\t\t\t\t\t\t<\/div> \r\n\r\n\t\t\t\t\t\t \r\n\t\t\t\t\t\t<div class=\"row\">\r\n\t\t\t\t\t\t  <div class=\"col-md-12 p-t-50\">\r\n\t\t\t\t\t\t\t  <h2>Presentations<\/h2>\r\n\t\t\t\t\t\t\t\r\n\t\t\t\t\t\t\t<table width=\"100%\" class=\"table-striped\">\r\n \r\n\t   <thead>\r\n    <tr>\r\n      <th>Date<\/th>\r\n      <th>Forum<\/th>\r\n\t <th>Title<\/th>\r\n    <\/tr>\r\n\t\t<\/thead>\r\n\t<tbody>\r\n    <tr>\r\n      <td>02\/06\/2021<\/td>\r\n      <td>RENMAD Hidr\u00f3geno<\/td>\r\n\t <td>Presentation of the H2SAREA project<\/td>\r\n    <\/tr>\r\n    <tr>\r\n      <td>16\/09\/2021<\/td>\r\n      <td>SEDIGAS<\/td>\r\n\t <td>Presentation of the H2SAREA project<\/td>\r\n    <\/tr>\r\n    <tr>\r\n      <td>27\/10\/2021<\/td>\r\n      <td>Ready4H2 Forum<\/td>\r\n\t <td>Presentation of the H2SAREA project<\/td>\r\n    <\/tr>\r\n    <tr>\r\n      <td>03\/12\/2021<\/td>\r\n      <td>The European Gas Research Group. 60th Anniversary Conference<\/td>\r\n\t <td>Presentation of the H2SAREA project<\/td>\r\n    <\/tr>\r\n   \r\n  <\/tbody>\r\n<\/table>\r\n\t\t\t\t\t\t\t\r\n\t\t\t\t\t\t\t\r\n\t\t\t\t\t\t\t\r\n\t\t\t\t\t\t\t<\/div>\r\n\t\t\t\t\t\t\t\r\n\t\t\t\t\t\t\t\t\r\n\t\t\t\t\t  <\/div>\r\n\t\t\t\t\t\t\r\n\t\t\t\t\t\t<div class=\"row\">\r\n\t\t\t\t\t\t  <div class=\"col-md-12 p-t-50\">\r\n\t\t\t\t\t\t\t  <h2>Publications<\/h2>\r\n\t\t\t\t\t\t\t\r\n\t\t\t\t\t\t\t<table width=\"100%\" class=\"table-striped\">\r\n \r\n\t   <thead>\r\n    <tr>\r\n\t  <th>Archive<\/th>\r\n      <th>Date<\/th>\r\n      <th>Media<\/th>\r\n\t <th>Headline<\/th>\r\n    <\/tr>\r\n\t\t<\/thead>\r\n\t<tbody>\r\n\r\n <tr>\r\n\t <td class=\"text-center\"><a href=\"https:\/\/www.h2sarea.com\/assets\/media\/H2SAREA-Informe-evaluacion-pruebas-25_30-H2.pdf\" target=\"_blank\" rel=\"noopener\"><i class=\"fas  fa-file-pdf-o fa-2x\"><\/i> <\/a><\/td>\r\n      <td>06\/2024<\/td>\r\n      <td><\/td>\r\n\t <td>REPORT ON EVALUATION OF TESTS CONDUCTED IN H\u2082SAREA UP TO 30% H\u2082<\/td>\r\n    <\/tr>\r\n\r\n\r\n <tr>\r\n\t <td class=\"text-center\"><a href=\"https:\/\/www.h2sarea.com\/assets\/media\/INFORME-PROYECTO-H2SAREA-diciembre-2023-en.pdf\" target=\"_blank\" rel=\"noopener\"><i class=\"fas  fa-file-pdf-o fa-2x\"><\/i> <\/a><\/td>\r\n      <td>12\/2023<\/td>\r\n      <td><\/td>\r\n\t <td>H\u2082SAREA TEST EVALUATION REPORT. DECEMBER 2003<\/td>\r\n    <\/tr>\r\n <tr>\r\n\t <td class=\"text-center\"><a href=\"https:\/\/www.h2sarea.com\/assets\/media\/informe-evaluacion-PROYECTO-H2SAREA-en.pdf\" target=\"_blank\" rel=\"noopener\"><i class=\"fas  fa-file-pdf-o fa-2x\"><\/i> <\/a><\/td>\r\n      <td>10\/07\/2023<\/td>\r\n      <td><\/td>\r\n\t <td>H\u2082SAREA TEST EVALUATION REPORT. MAY 2003<\/td>\r\n    <\/tr>\r\n <tr>\r\n\t <td class=\"text-center\"><a href=\"https:\/\/www.youtube.com\/watch?v=gcaSwF8D0y0&amp;t=2s\" target=\"_blank\" rel=\"noopener\"><i class=\"fas  fa-file-video-o fa-2x\"><\/i> <\/a><\/td>\r\n      <td>18\/03\/2023<\/td>\r\n      <td>You Tube<\/td>\r\n\t <td>HydroZen BeeEngine Combustion System Become HydroZen in less than 1 hour<\/td>\r\n    <\/tr>\r\n\r\n <tr>\r\n\t <td class=\"text-center\"><a href=\"https:\/\/elpais.com\/economia\/negocios\/2022-10-01\/nortegas-ensaya-el-futuro-del-hidrogeno-en-bilbao.html\" target=\"_blank\" rel=\"noopener\"><i class=\"fas fa-file fa-2x\"><\/i> <\/a><\/td>\r\n      <td>01\/10\/2022<\/td>\r\n      <td>EL PA\u00cdS<\/td>\r\n\t <td>Nortegas ensaya el futuro del hidr\u00f3geno en Bilbao<\/td>\r\n    <\/tr>\r\n\r\n <tr>\r\n\t <td class=\"text-center\"><a href=\"https:\/\/www.enerclub.es\/frontNotebookAction\/Biblioteca_\/Publicaciones_Enerclub\/Cuadernos\/Art_CEN69\" target=\"_blank\" rel=\"noopener\"><i class=\"fas fa-file fa-2x\"><\/i> <\/a><\/td>\r\n      <td>15\/07\/2022<\/td>\r\n      <td>ENERCLUB<\/td>\r\n\t <td>Articulos. Cuadernos de Energ\u00eda Nro.69 <\/td>\r\n    <\/tr>\r\n <tr>\r\n\t <td class=\"text-center\"><a href=\"https:\/\/www.sedigas.es\/new\/gas-actual\/articulo-reportaje\/la-red-gasista-europea-se-prepara-para-el-hidrogeno\" target=\"_blank\" rel=\"noopener\"><i class=\"fas fa-file fa-2x\"><\/i> <\/a><\/td>\r\n      <td>2022<\/td>\r\n      <td>SEDIGAS<\/td>\r\n\t <td>La red gasista europea se prepara para el hidr\u00f3geno <\/td>\r\n    <\/tr>\r\n <tr>\r\n\t <td class=\"text-center\"><a href=\"https:\/\/www.youtube.com\/watch?v=ebdRR7Tkf2E\" target=\"_blank\" rel=\"noopener\"><i class=\"fas  fa-file-video-o fa-2x\"><\/i> <\/a><\/td>\r\n      <td>06\/05\/2022<\/td>\r\n      <td>You Tube<\/td>\r\n\t <td>Inauguraci\u00f3n H2Sarea<\/td>\r\n    <\/tr>\r\n\r\n <tr>\r\n\t <td class=\"text-center\"><a href=\"https:\/\/www.cronicavasca.com\/empresas\/corredor-vasco-hidrogeno-primer-hidroducto-espana-antes-final-2022_657539_102.html\" target=\"_blank\" rel=\"noopener\"><i class=\"fas fa-file fa-2x\"><\/i> <\/a><\/td>\r\n      <td>04\/05\/2022<\/td>\r\n      <td>Cr\u00f3nica Vasca <\/td>\r\n\t <td>El Corredor Vasco del Hidr\u00f3geno concluir\u00e1 el primer hidroducto de Espa\u00f1a antes de final de a\u00f1o<\/td>\r\n    <\/tr>\r\n\r\n<tr>\r\n\t <td class=\"text-center\"><a href=\"https:\/\/www.h2sarea.com\/assets\/media\/expansion-03-05-22.pdf\" target=\"_blank\" rel=\"noopener\"><i class=\"fas fa-file-pdf-o fa-2x\"><\/i> <\/a><\/td>\r\n      <td>03\/05\/2022<\/td>\r\n      <td>EXPANSI\u00d3N<\/td>\r\n\t <td>NORTEGAS CONSTRUYE EN VIZCAYA SU PRIMER HIDRODUCTO <\/td>\r\n    <\/tr>\r\n\r\n<tr>\r\n\t <td class=\"text-center\"><a href=\"https:\/\/www.h2sarea.com\/assets\/media\/economista-03-05-22.pdf\" target=\"_blank\" rel=\"noopener\"><i class=\"fas fa-file-pdf-o fa-2x\"><\/i> <\/a><\/td>\r\n      <td>03\/05\/2022<\/td>\r\n      <td>EL ECONOMISTA<\/td>\r\n\t <td>NORTEGAS IMPULSA LA INYECCI\u00d3N DE HIDR\u00d3GENO A LA RED DE GAS <\/td>\r\n    <\/tr>\r\n\r\n<tr>\r\n\t <td class=\"text-center\"><a href=\"https:\/\/www.h2sarea.com\/assets\/media\/dN-03-05-22.pdf\" target=\"_blank\" rel=\"noopener\"><i class=\"fas fa-file-pdf-o fa-2x\"><\/i> <\/a><\/td>\r\n      <td>03\/05\/2022<\/td>\r\n      <td>DIARIO DE NOTICIAS<\/td>\r\n\t <td>NORTEGAS LIDERA UN PROYECTO PIONERO PARA TRANSPORTAR HIDR\u00d3GENO EN REDES DE GAS<\/td>\r\n    <\/tr>\r\n\r\n<tr>\r\n\t <td class=\"text-center\"><a href=\"https:\/\/www.h2sarea.com\/assets\/media\/espana-03-05-22.pdf\" target=\"_blank\" rel=\"noopener\"><i class=\"fas fa-file-pdf-o fa-2x\"><\/i> <\/a><\/td>\r\n      <td>03\/05\/2022<\/td>\r\n      <td>LA NUEVA ESPA\u00d1A<\/td>\r\n\t <td>NORTEGAS INICIA EL PRIMER PROYECTO PARA LA INYECCI\u00d3N DE HIDR\u00d3GENO EN LA RED DE GAS NATURAL<\/td>\r\n    <\/tr>\r\n\r\n<tr>\r\n\t <td class=\"text-center\"><a href=\"https:\/\/www.h2sarea.com\/assets\/media\/dv-03-05-22.pdf\" target=\"_blank\" rel=\"noopener\"><i class=\"fas fa-file-pdf-o fa-2x\"><\/i> <\/a><\/td>\r\n      <td>03\/05\/2022<\/td>\r\n      <td>EL DIARIO VASCO<\/td>\r\n\t <td>NORTEGAS ABRE SU CENTRO PARA EXPERIMENTAR CON EL HIDR\u00d3GENO<\/td>\r\n    <\/tr>\r\n<tr>\r\n\t <td class=\"text-center\"><a href=\"https:\/\/www.h2sarea.com\/assets\/media\/correo-03-05-22.pdf\" target=\"_blank\" rel=\"noopener\"><i class=\"fas fa-file-pdf-o fa-2x\"><\/i> <\/a><\/td>\r\n      <td>03\/05\/2022<\/td>\r\n      <td>EL CORREO<\/td>\r\n\t <td>NORTEGAS COMIENZA A EXPERIMENTAR CON EL HIDR\u00d3GENO<\/td>\r\n    <\/tr>\r\n<tr>\r\n\t <td class=\"text-center\"><a href=\"https:\/\/www.h2sarea.com\/assets\/media\/diario-03-05-22.pdf\" target=\"_blank\" rel=\"noopener\"><i class=\"fas fa-file-pdf-o fa-2x\"><\/i> <\/a><\/td>\r\n      <td>03\/05\/2022<\/td>\r\n      <td>DIARIO NOTICIAS DE \u00c1LAVA<\/td>\r\n\t <td>NORTEGAS LIDERA UN PROYECTO PIONERO PARA TRANSPORTAR HIDR\u00d3GENO EN REDES DE GAS <\/td>\r\n    <\/tr>\r\n<tr>\r\n\t <td class=\"text-center\"><a href=\"https:\/\/www.h2sarea.com\/assets\/media\/deia-03-05-22.pdf\" target=\"_blank\" rel=\"noopener\"><i class=\"fas fa-file-pdf-o fa-2x\"><\/i> <\/a><\/td>\r\n      <td>03\/05\/2022<\/td>\r\n      <td>Deia<\/td>\r\n\t <td>NORTEGAS LIDERA UN PROYECTO PIONERO PARA TRANSPORTAR HIDR\u00d3GENO EN REDES DE GAS<\/td>\r\n    <\/tr>\r\n<tr>\r\n\t <td class=\"text-center\"><a href=\"https:\/\/www.h2sarea.com\/assets\/media\/berria-03-05-22.pdf\" target=\"_blank\" rel=\"noopener\"><i class=\"fas fa-file-pdf-o fa-2x\"><\/i> <\/a><\/td>\r\n      <td>03\/05\/2022<\/td>\r\n      <td>Berria<\/td>\r\n\t <td>HIDROGENOA ETA GASA SARE BERETIK GARRAIA DAITEZKEEN AZTERTUKO DU NORTEGASEK <\/td>\r\n    <\/tr>\r\n<tr>\r\n\t <td class=\"text-center\"><a href=\"https:\/\/www.eleconomista.es\/pais_vasco\/noticias\/11746619\/05\/22\/Nortegas-impulsa-la-inyeccion-de-hidrogeno-a-la-red-de-gas.html\" target=\"_blank\" rel=\"noopener\"><i class=\"fas fa-file fa-2x\"><\/i> <\/a><\/td>\r\n      <td>03\/05\/2022<\/td>\r\n      <td>El Economista.es<\/td>\r\n\t <td>Nortegas impulsa la inyecci\u00f3n de hidr\u00f3geno a la red de gas<\/td>\r\n    <\/tr>\r\n<tr>\r\n\t <td class=\"text-center\"><a href=\"https:\/\/www.expansion.com\/pais-vasco\/2022\/05\/03\/626ff9e3e5fdeafa378b462e.html\" target=\"_blank\" rel=\"noopener\"><i class=\"fas fa-file fa-2x\"><\/i> <\/a><\/td>\r\n      <td>03\/05\/2022<\/td>\r\n      <td>Expansi\u00f3n<\/td>\r\n\t <td>Nortegas logra la luz verde para su primer hidroducto en Espa\u00f1a<\/td>\r\n    <\/tr>\r\n <tr>\r\n\t <td class=\"text-center\"><a href=\"https:\/\/www.noticiasdealava.eus\/economia\/2022\/05\/03\/nortegas-lidera-proyecto-pionero-transportar\/1185702.html\" target=\"_blank\" rel=\"noopener\"><i class=\"fas fa-file fa-2x\"><\/i> <\/a><\/td>\r\n      <td>03\/05\/2022<\/td>\r\n      <td>Peri\u00f3dico de \u00c1lava<\/td>\r\n\t <td>Nortegas lidera un proyecto pionero para transportar hidr\u00f3geno en redes de gas<\/td>\r\n    <\/tr>\r\n    <tr>\r\n\t <td class=\"text-center\"><a href=\"https:\/\/www.h2sarea.com\/assets\/media\/230221-periodico-de-la-energia.pdf\" target=\"_blank\" rel=\"noopener\"><i class=\"fas fa-file-pdf-o fa-2x\"><\/i> <\/a><\/td>\r\n      <td>23\/02\/2021<\/td>\r\n      <td>Peri\u00f3dico de la Energ\u00eda<\/td>\r\n\t <td>Nortegas launches a project to inject hydrogen in natural gas networks<\/td>\r\n    <\/tr>\r\n    <tr>\r\n\t <td class=\"text-center\"><a href=\"https:\/\/www.h2sarea.com\/assets\/media\/240221-DEIA.pdf\" target=\"_blank\" rel=\"noopener\"><i class=\"fas fa-file-pdf-o fa-2x\"><\/i> <\/a><\/td>\r\n      <td>24\/02\/2021<\/td>\r\n      <td>DEIA<\/td>\r\n\t <td>Nortegas to use gas pipelines for hydrogen in the future<\/td>\r\n    <\/tr>\r\n\r\n  <\/tbody>\r\n<\/table>\r\n\t\t\t\t\t\t\t\r\n\t\t\t\t\t\t\t\r\n\t\t\t\t\t\t\t\r\n\t\t\t\t\t\t\t<\/div>\r\n\t\t\t\t\t\t\t\r\n\t\t\t\t\t\t\t\t\r\n\t\t\t\t\t  <\/div>\r\n\t\t\t\t\t\t\r\n\r\n\t\t\t\t\t\t<\/div>\r\n\t\t\t\t<\/section>\r\n","protected":false},"excerpt":{"rendered":"<p>Newsletters Newsletter 03 Newsletter 02 Newsletter 01 Presentations Date Forum Title 02\/06\/2021 RENMAD Hidr\u00f3geno Presentation of the H2SAREA project 16\/09\/2021 SEDIGAS Presentation of the H2SAREA project 27\/10\/2021 Ready4H2 Forum Presentation of the H2SAREA project 03\/12\/2021 The European Gas Research Group. 60th Anniversary Conference Presentation of the H2SAREA project Publications Archive Date Media Headline 06\/2024 REPORT [&hellip;]<\/p>\n","protected":false},"author":1,"featured_media":0,"parent":0,"menu_order":0,"comment_status":"closed","ping_status":"closed","template":"","meta":{"_acf_changed":false,"footnotes":""},"acf":[],"_links":{"self":[{"href":"https:\/\/www.h2sarea.com\/en\/wp-json\/wp\/v2\/pages\/219"}],"collection":[{"href":"https:\/\/www.h2sarea.com\/en\/wp-json\/wp\/v2\/pages"}],"about":[{"href":"https:\/\/www.h2sarea.com\/en\/wp-json\/wp\/v2\/types\/page"}],"author":[{"embeddable":true,"href":"https:\/\/www.h2sarea.com\/en\/wp-json\/wp\/v2\/users\/1"}],"replies":[{"embeddable":true,"href":"https:\/\/www.h2sarea.com\/en\/wp-json\/wp\/v2\/comments?post=219"}],"version-history":[{"count":19,"href":"https:\/\/www.h2sarea.com\/en\/wp-json\/wp\/v2\/pages\/219\/revisions"}],"predecessor-version":[{"id":709,"href":"https:\/\/www.h2sarea.com\/en\/wp-json\/wp\/v2\/pages\/219\/revisions\/709"}],"wp:attachment":[{"href":"https:\/\/www.h2sarea.com\/en\/wp-json\/wp\/v2\/media?parent=219"}],"curies":[{"name":"wp","href":"https:\/\/api.w.org\/{rel}","templated":true}]}}